{"id":59758,"date":"2015-07-06T15:16:09","date_gmt":"2015-07-06T13:16:09","guid":{"rendered":"http:\/\/www.accaddeoggi.it\/?page_id=59758"},"modified":"2026-04-23T10:09:30","modified_gmt":"2026-04-23T08:09:30","slug":"politica-cookies","status":"publish","type":"page","link":"https:\/\/www.accaddeoggi.it\/?page_id=59758","title":{"rendered":"Privacy"},"content":{"rendered":"<div style=\"background-color: white; border: 1px dotted #C0C0C0; padding: 5px; padding-left: 10px; margin: 5px; min-height: 18px; padding-top: 5px;\">\n<p style=\"text-align: justify;\"><span style=\"color: #464646; font-size: 12pt;\">La presente policy per i cookie e per la privacy illustra tipi, modalit\u00e0 di utilizzo e indicazioni sulle azioni per rifiutare o eliminare i cookie presenti sul sito per chi lo desidera e le altre informazioni; \u00e8 possibile in qualunque momento modificare il proprio consenso cliccando sull&#8217;apposito link a fondo pagina &#8220;<em><strong>Impostazioni relative alla privacy e ai cookie<\/strong><\/em>&#8220;<\/span><\/p>\n<p style=\"text-align: justify;\"><span style=\"font-size: 12pt;\"><strong><br \/>\nCosa \u00e8 un\u00a0cookie?<\/strong><\/span><br \/>\n<span style=\"font-size: 12pt;\">Si tratta di un piccolo archivio di lettere e numeri con cui si memorizzano nel browser o sul disco del tuo computer alcune informazioni quando visiti un sito, come ad esempio una scelta precedente\u00a0per potertela riproporre al prossimo collegamento evitandoti di doverla selezionare nuovamente.<\/span><\/p>\n<p>&nbsp;<\/p>\n<p style=\"text-align: justify;\"><span style=\"font-size: 12pt;\"><strong>Cookie di terze parti:<\/strong><\/span><br \/>\n<span style=\"font-size: 12pt;\">Visitando un sito web \u00e8 possibile ricevere cookie dal parte del sito che si sta consultando\u00a0(prima parte) o da altri siti i cui contenuti sono incorporati nel sito principale\u00a0(terze parti) come ad esempio l&#8217;incorporazione di\u00a0video\u00a0o dei &#8220;social plugin&#8221; da parte di alcuni\u00a0social network. Si tratta di parti della pagina visitata generate direttamente da questi siti ed integrati nella pagina visualizzata, in genere per permettere la condivisione dei contenuti di questo sito sui social network da voi scelti.<\/span><\/p>\n<p style=\"color: #464646; text-align: justify;\"><span style=\"font-size: 12pt;\">Per predisporre queste funzioni \u00e8 necessaria la trasmissione di piccole porzioni di dati denominate &#8220;cookie&#8221; da e verso i siti di terze parti. La gestione delle informazioni raccolte da terze parti \u00e8 \u00a0disciplinata dalle relative informative cui si prega di fare riferimento. Ecco gli indirizzi delle diverse informative e delle modalit\u00e0 di gestione dei cookie.<\/span><\/p>\n<p>&nbsp;<\/p>\n<p><strong><span style=\"font-size: 12pt;\">Google Analytics<\/span><\/strong><br \/>\n<span style=\"font-size: 12pt;\">Utilizziamo anche alcuni componenti di <strong>Google Analytics <\/strong>per analizzare in forma anonima il traffico web, gli orari in cui il sito viene visitato, quali sono le pagine pi\u00f9 lette, condividese etc. Questo e altri servizi di Google possono raccogliere e analizzare in forma anonima le informazioni sui comportamenti di utilizzo per redigere report sui siti web.\u00a0<\/span><\/p>\n<p style=\"color: #464646; text-align: justify;\"><span style=\"font-size: 12pt;\">Non utilizziamo e non consentiamo ad altri di utilizzare strumenti per controllare o per raccogliere informazioni personali di identificazione, anche in fase di condivisione dei nostri contenuti con i social-network nessun servizio utilizzato associa indirizzo IP ad altri dati gi\u00e0 in proprio possesso n\u00e9 cerca di collegare un indirizzo IP con l\u2019identit\u00e0 di un utente, garantendogli dunque una navigazione totalmente anonima.<\/span><\/p>\n<p style=\"color: #464646; text-align: justify;\"><span style=\"font-size: 12pt;\"><strong>Google<\/strong> pu\u00f2 anche comunicare queste informazioni a terzi ove ci\u00f2 sia imposto dalla legge o laddove tali terzi trattino le suddette informazioni per conto delle societ\u00e0.<\/span><\/p>\n<p style=\"color: #464646; text-align: justify;\"><span style=\"font-size: 12pt;\">Ulteriori informazioni\u00a0sono disponibili a questo indirizzo per Google: <a style=\"font-weight: inherit; font-style: inherit; color: #000066;\" href=\"https:\/\/www.google.it\/policies\/privacy\/partners\/\">https:\/\/www.google.it\/policies\/privacy\/partners\/<\/a><\/span><\/p>\n<p style=\"color: #464646; text-align: justify;\"><span style=\"font-size: 12pt;\">E&#8217; possibile attuare la disabilitazione selettiva\u00a0dell\u2019azione di <strong>Google Analytics<\/strong> installando sul proprio\u00a0<em style=\"font-weight: inherit;\">browser<\/em>\u00a0il componente di\u00a0<em style=\"font-weight: inherit;\">opt-out<\/em>\u00a0fornito da Google disponibile a questo indirizzo: <a style=\"font-weight: inherit; font-style: inherit; color: #000066;\" href=\"https:\/\/tools.google.com\/dlpage\/gaoptout\">https:\/\/tools.google.com\/dlpage\/gaoptout<\/a><\/span><\/p>\n<p style=\"color: #464646; text-align: justify;\"><span style=\"font-size: 12pt;\">In caso di\u00a0domande o commenti su questa\u00a0politica sui cookie, contattaci all\u2019indirizzo: info[at]accaddeoggi.it<\/span><\/p>\n<p>&nbsp;<\/p>\n<p style=\"text-align: justify;\"><span style=\"font-size: 12pt;\"><strong>Come modificare le impostazioni sui cookie:<br \/>\n<\/strong>I\u00a0principali browser consentono la\u00a0cancellazione dei cookie, il blocco della loro accettazione o di essere avvisati\u00a0prima di memorizzare un cookie.<\/span><\/p>\n<p style=\"text-align: justify;\"><span style=\"font-size: 12pt;\"><span style=\"color: #464646;\">Per l<\/span><span style=\"color: #464646;\">e informazioni fornite e per l&#8217;utilizzo trasparente e anonimo delle informazioni raccolte riteniamo che\u00a0<\/span><span style=\"color: #464646;\">proseguire<\/span><span style=\"color: #464646;\">\u00a0la consultazione del sito rappresenti implicita accettazione dell&#8217;uso di questi cookie, se cos\u00ec non fosse vi preghiamo di abbandonare immediatamente la consultazione e di rimuovere i cookies eventualmente utilizzati dal vostro browser.\u00a0<\/span><\/span><\/p>\n<p style=\"color: #464646; text-align: justify;\"><span style=\"font-size: 12pt;\">Ecco come si possono modificare le impostazioni dei cookie per:<\/span><\/p>\n<ul style=\"color: #464646; text-align: justify;\">\n<li style=\"font-weight: inherit; font-style: inherit;\"><span style=\"font-size: 12pt;\"><a style=\"font-weight: inherit; font-style: inherit; color: #000066;\" title=\"Google Chrome\" href=\"http:\/\/support.google.com\/chrome\/answer\/95647?hl=it\">Google Chrome<\/a><\/span><\/li>\n<li style=\"font-weight: inherit; font-style: inherit;\"><span style=\"font-size: 12pt;\"><a style=\"font-weight: inherit; font-style: inherit; color: #000066;\" title=\"Firefox\" href=\"https:\/\/support.mozilla.org\/it\/kb\/Attivare%20e%20disattivare%20i%20cookie\">Mozilla Firefox<\/a><\/span><\/li>\n<li style=\"font-weight: inherit; font-style: inherit;\"><span style=\"font-size: 12pt;\"><a style=\"font-weight: inherit; font-style: inherit; color: #000066;\" title=\"Internet Explorer\" href=\"http:\/\/support.microsoft.com\/kb\/196955\">Internet Explorer<\/a><\/span><\/li>\n<li style=\"font-weight: inherit; font-style: inherit;\"><span style=\"font-size: 12pt;\"><a style=\"font-weight: inherit; font-style: inherit; color: #000066;\" title=\"safari\" href=\"http:\/\/support.apple.com\/kb\/PH5042\">Safari<\/a><\/span><\/li>\n<\/ul>\n<p>&nbsp;<\/p>\n<p style=\"text-align: justify;\"><span style=\"font-size: 12pt;\"><strong>Cosa dice il Garante della Privacy sui cookie:<\/strong><\/span><\/p>\n<ul>\n<li style=\"text-align: justify;\"><span style=\"font-size: 12pt;\"><a style=\"color: #000066;\" href=\"http:\/\/www.garanteprivacy.it\/web\/guest\/home\/docweb\/-\/docweb-display\/docweb\/3118884\">Informativa e consenso per l\u2019uso dei cookie<\/a><\/span><\/li>\n<li style=\"text-align: justify;\"><span style=\"font-size: 12pt;\"><a style=\"color: #000066;\" href=\"http:\/\/www.garanteprivacy.it\/web\/guest\/home\/docweb\/-\/docweb-display\/docweb\/2142939\">Faq in materia di cookie<\/a><\/span><\/li>\n<\/ul>\n<p>&nbsp;<\/p>\n<p><span style=\"font-size: 12pt;\"><strong>Pubblicit\u00e0<\/strong><\/span><\/p>\n<p><span style=\"font-size: 12pt;\">Accadde Oggi mostra annunci pubblicitari forniti dai servizi <strong>Google Adsense<\/strong> e <strong>AdPlus<\/strong> che possono essere basati sulle preferenze dell&#8217;utente qualora questi abbia acconsentito al loro utilizzo, in caso contrario vengono mostrati annunci pubblicitari generici.\u00a0<\/span><\/p>\n<p>&nbsp;<\/p>\n<p><span style=\"font-size: 12pt;\"><strong>Privacy<\/strong><\/span><\/p>\n<p><span style=\"font-size: 12pt;\">Con l&#8217;eccezione di quanto sopra descritto <strong>Accadde Oggi<\/strong> attraverso il sito <strong>accaddeoggi.it<\/strong> non raccoglie direttamente alcun dato dei suoi lettori; nel caso questi scelgano di contattare il sito attraverso il sistema di email o di social-network i dati da loro trasmessi vengono utilizzati esclusivamente per evadere le eventuali richieste ricevute.<\/span><\/p>\n<\/div>\n","protected":false},"excerpt":{"rendered":"<p>La presente policy per i cookie e per la privacy illustra tipi, modalit\u00e0 di utilizzo e indicazioni sulle azioni per rifiutare o eliminare i cookie presenti sul sito per chi lo desidera e le altre informazioni; \u00e8 possibile in qualunque momento modificare il proprio consenso cliccando sull&#8217;apposito link a fondo pagina &#8220;Impostazioni relative alla privacy [&hellip;]<\/p>\n","protected":false},"author":2,"featured_media":0,"parent":0,"menu_order":8,"comment_status":"closed","ping_status":"closed","template":"","meta":{"_sitemap_exclude":false,"_sitemap_priority":"","_sitemap_frequency":"","footnotes":""},"class_list":["post-59758","page","type-page","status-publish","hentry"],"_links":{"self":[{"href":"https:\/\/www.accaddeoggi.it\/index.php?rest_route=\/wp\/v2\/pages\/59758","targetHints":{"allow":["GET"]}}],"collection":[{"href":"https:\/\/www.accaddeoggi.it\/index.php?rest_route=\/wp\/v2\/pages"}],"about":[{"href":"https:\/\/www.accaddeoggi.it\/index.php?rest_route=\/wp\/v2\/types\/page"}],"author":[{"embeddable":true,"href":"https:\/\/www.accaddeoggi.it\/index.php?rest_route=\/wp\/v2\/users\/2"}],"replies":[{"embeddable":true,"href":"https:\/\/www.accaddeoggi.it\/index.php?rest_route=%2Fwp%2Fv2%2Fcomments&post=59758"}],"version-history":[{"count":4,"href":"https:\/\/www.accaddeoggi.it\/index.php?rest_route=\/wp\/v2\/pages\/59758\/revisions"}],"predecessor-version":[{"id":137855,"href":"https:\/\/www.accaddeoggi.it\/index.php?rest_route=\/wp\/v2\/pages\/59758\/revisions\/137855"}],"wp:attachment":[{"href":"https:\/\/www.accaddeoggi.it\/index.php?rest_route=%2Fwp%2Fv2%2Fmedia&parent=59758"}],"curies":[{"name":"wp","href":"https:\/\/api.w.org\/{rel}","templated":true}]}}