{"id":137131,"date":"2026-02-20T11:36:42","date_gmt":"2026-02-20T10:36:42","guid":{"rendered":"https:\/\/www.accaddeoggi.it\/?page_id=137131"},"modified":"2026-03-28T10:03:10","modified_gmt":"2026-03-28T09:03:10","slug":"lanno-zero","status":"publish","type":"page","link":"https:\/\/www.accaddeoggi.it\/?page_id=137131","title":{"rendered":"L&#8217;anno zero"},"content":{"rendered":"<div style=\"background-color: white; border: 1px dotted #C0C0C0; padding: 5px; padding-left: 10px; margin: 5px; min-height: 18px; padding-top: 5px;\">\n<p style=\"text-align: justify;\"><span style=\"font-family: verdana, geneva, sans-serif; font-size: 14pt;\">Nel conteggio degli <strong>anni trascorsi tra la data corrente e una data &#8220;avanti Cristo&#8221;<\/strong>, accaddeoggi.it osserva la regola secondo la quale, dal un punto di vista storico, l&#8217;anno zero non \u00e8 esistito, infatti dall&#8217;anno 1 Avanti Cristo si pass\u00f2 direttamente all&#8217;anno 1 Dopo Cristo; abitualmente per ricavare il tempo intercorso tra gli anni Ante e Post Cristo ci si limita a sommare le due cifre ma questo rappresenta un errore poich\u00e9 dal 1\u00b0 gennaio <strong>dell&#8217;1 AC al 1\u00b0 gennaio dell&#8217;1 DC erano trascorsi solo 365 giorni<\/strong>, ovvero soltanto un anno.\u00a0<\/span><\/p>\n<p style=\"text-align: justify;\"><span style=\"font-family: verdana, geneva, sans-serif; font-size: 14pt;\">Per questa ragione dalla fondazione di Roma nel 753 avanti Cristo all&#8217;anno 2023 gli anni effettivamente trascorsi sono 2775, dall&#8217;anno della prima Olimpiade nel 776 AC al 2024 gli anni effettivamente trascorsi sono 2799; il metodo del sommare gli anni &#8220;avanti Cristo&#8221; agli anni &#8220;dopo Cristo&#8221; a cui spesso molti siti e organizzazioni (anche istituzionali) ricorrono non \u00e8 sufficiente, \u00e8 invece necessario sottrarre dal totale quell&#8217; &#8220;anno zero&#8221; storicamente non \u00e8 mai esistito, dunque:<\/span><\/p>\n<p style=\"text-align: justify;\"><span style=\"font-family: verdana, geneva, sans-serif; font-size: 12pt;\"><br \/>\n1 AC + 1 DC = 2 <strong>-1<\/strong> (per l&#8217;anno zero) = <strong>1 anno.<\/strong><br \/>\n753 AC <strong>+ <\/strong>2023 DC = 2776 <strong>-1<\/strong> (per l&#8217;anno zero) = <strong>2775 anni.<br \/>\n<\/strong>776 AC <strong>+ <\/strong>2024 DC = 2800 <strong>-1<\/strong> (per l&#8217;anno zero) = <strong>2779 anni.<br \/>\n<\/strong><\/span><\/p>\n<p>&nbsp;<\/p>\n<\/div>\n","protected":false},"excerpt":{"rendered":"<p>Nel conteggio degli anni trascorsi tra la data corrente e una data &#8220;avanti Cristo&#8221;, accaddeoggi.it osserva la regola secondo la quale, dal un punto di vista storico, l&#8217;anno zero non \u00e8 esistito, infatti dall&#8217;anno 1 Avanti Cristo si pass\u00f2 direttamente all&#8217;anno 1 Dopo Cristo; abitualmente per ricavare il tempo intercorso tra gli anni Ante e [&hellip;]<\/p>\n","protected":false},"author":2,"featured_media":0,"parent":0,"menu_order":0,"comment_status":"closed","ping_status":"closed","template":"","meta":{"_sitemap_exclude":false,"_sitemap_priority":"","_sitemap_frequency":"","footnotes":""},"class_list":["post-137131","page","type-page","status-publish","hentry"],"_links":{"self":[{"href":"https:\/\/www.accaddeoggi.it\/index.php?rest_route=\/wp\/v2\/pages\/137131","targetHints":{"allow":["GET"]}}],"collection":[{"href":"https:\/\/www.accaddeoggi.it\/index.php?rest_route=\/wp\/v2\/pages"}],"about":[{"href":"https:\/\/www.accaddeoggi.it\/index.php?rest_route=\/wp\/v2\/types\/page"}],"author":[{"embeddable":true,"href":"https:\/\/www.accaddeoggi.it\/index.php?rest_route=\/wp\/v2\/users\/2"}],"replies":[{"embeddable":true,"href":"https:\/\/www.accaddeoggi.it\/index.php?rest_route=%2Fwp%2Fv2%2Fcomments&post=137131"}],"version-history":[{"count":4,"href":"https:\/\/www.accaddeoggi.it\/index.php?rest_route=\/wp\/v2\/pages\/137131\/revisions"}],"predecessor-version":[{"id":137678,"href":"https:\/\/www.accaddeoggi.it\/index.php?rest_route=\/wp\/v2\/pages\/137131\/revisions\/137678"}],"wp:attachment":[{"href":"https:\/\/www.accaddeoggi.it\/index.php?rest_route=%2Fwp%2Fv2%2Fmedia&parent=137131"}],"curies":[{"name":"wp","href":"https:\/\/api.w.org\/{rel}","templated":true}]}}